{"id":3741,"date":"2017-09-13T12:36:41","date_gmt":"2017-09-13T15:36:41","guid":{"rendered":"https:\/\/questtono.uniusdesenvolvimento.com.br\/contact\/"},"modified":"2023-06-29T15:01:33","modified_gmt":"2023-06-29T18:01:33","slug":"contact","status":"publish","type":"page","link":"http:\/\/questtono.com\/en\/contact\/","title":{"rendered":"Contact"},"content":{"rendered":"","protected":false},"excerpt":{"rendered":"","protected":false},"author":4,"featured_media":0,"parent":0,"menu_order":0,"comment_status":"closed","ping_status":"closed","template":"","meta":{"_acf_changed":false,"content-type":"","om_disable_all_campaigns":false,"footnotes":""},"class_list":["post-3741","page","type-page","status-publish","hentry"],"acf":[],"yoast_head":"<!-- This site is optimized with the Yoast SEO plugin v26.4 - https:\/\/yoast.com\/wordpress\/plugins\/seo\/ -->\n<title>Questton\u00f3 | Contact<\/title>\n<meta name=\"description\" content=\"Every great collaboration begins with a conversation. Contact us and get to know more about our innovation and design methodologies to boost your business.\" \/>\n<meta name=\"robots\" content=\"index, follow, max-snippet:-1, max-image-preview:large, max-video-preview:-1\" \/>\n<link rel=\"canonical\" href=\"http:\/\/questtono.com\/en\/contact\/\" \/>\n<meta property=\"og:locale\" content=\"en_US\" \/>\n<meta property=\"og:type\" content=\"article\" \/>\n<meta property=\"og:title\" content=\"Questton\u00f3 | Contact\" \/>\n<meta property=\"og:description\" content=\"Every great collaboration begins with a conversation. Contact us and get to know more about our innovation and design methodologies to boost your business.\" \/>\n<meta property=\"og:url\" content=\"http:\/\/questtono.com\/en\/contact\/\" \/>\n<meta property=\"og:site_name\" content=\"Questton\u00f3\" \/>\n<meta property=\"article:modified_time\" content=\"2023-06-29T18:01:33+00:00\" \/>\n<meta property=\"og:image\" content=\"http:\/\/questtono.com\/wp-content\/uploads\/2021\/01\/share-1.png\" \/>\n\t<meta property=\"og:image:width\" content=\"1200\" \/>\n\t<meta property=\"og:image:height\" content=\"628\" \/>\n\t<meta property=\"og:image:type\" content=\"image\/png\" \/>\n<meta name=\"twitter:card\" content=\"summary_large_image\" \/>\n<script type=\"application\/ld+json\" class=\"yoast-schema-graph\">{\"@context\":\"https:\/\/schema.org\",\"@graph\":[{\"@type\":\"WebPage\",\"@id\":\"http:\/\/questtono.com\/en\/contact\/\",\"url\":\"http:\/\/questtono.com\/en\/contact\/\",\"name\":\"Questton\u00f3 | Contact\",\"isPartOf\":{\"@id\":\"http:\/\/questtono.com\/en\/#website\"},\"datePublished\":\"2017-09-13T15:36:41+00:00\",\"dateModified\":\"2023-06-29T18:01:33+00:00\",\"description\":\"Every great collaboration begins with a conversation. Contact us and get to know more about our innovation and design methodologies to boost your business.\",\"breadcrumb\":{\"@id\":\"http:\/\/questtono.com\/en\/contact\/#breadcrumb\"},\"inLanguage\":\"en-US\",\"potentialAction\":[{\"@type\":\"ReadAction\",\"target\":[\"http:\/\/questtono.com\/en\/contact\/\"]}]},{\"@type\":\"BreadcrumbList\",\"@id\":\"http:\/\/questtono.com\/en\/contact\/#breadcrumb\",\"itemListElement\":[{\"@type\":\"ListItem\",\"position\":1,\"name\":\"Home\",\"item\":\"http:\/\/www.questtono.com.br\/en\/\"},{\"@type\":\"ListItem\",\"position\":2,\"name\":\"Contact\"}]},{\"@type\":\"WebSite\",\"@id\":\"http:\/\/questtono.com\/en\/#website\",\"url\":\"http:\/\/questtono.com\/en\/\",\"name\":\"Questton\u00f3\",\"description\":\"Consultoria de inova\u00e7\u00e3o e design\",\"potentialAction\":[{\"@type\":\"SearchAction\",\"target\":{\"@type\":\"EntryPoint\",\"urlTemplate\":\"http:\/\/questtono.com\/en\/?s={search_term_string}\"},\"query-input\":{\"@type\":\"PropertyValueSpecification\",\"valueRequired\":true,\"valueName\":\"search_term_string\"}}],\"inLanguage\":\"en-US\"}]}<\/script>\n<!-- \/ Yoast SEO plugin. -->","yoast_head_json":{"title":"Questton\u00f3 | Contact","description":"Every great collaboration begins with a conversation. Contact us and get to know more about our innovation and design methodologies to boost your business.","robots":{"index":"index","follow":"follow","max-snippet":"max-snippet:-1","max-image-preview":"max-image-preview:large","max-video-preview":"max-video-preview:-1"},"canonical":"http:\/\/questtono.com\/en\/contact\/","og_locale":"en_US","og_type":"article","og_title":"Questton\u00f3 | Contact","og_description":"Every great collaboration begins with a conversation. Contact us and get to know more about our innovation and design methodologies to boost your business.","og_url":"http:\/\/questtono.com\/en\/contact\/","og_site_name":"Questton\u00f3","article_modified_time":"2023-06-29T18:01:33+00:00","og_image":[{"width":1200,"height":628,"url":"http:\/\/questtono.com\/wp-content\/uploads\/2021\/01\/share-1.png","type":"image\/png"}],"twitter_card":"summary_large_image","schema":{"@context":"https:\/\/schema.org","@graph":[{"@type":"WebPage","@id":"http:\/\/questtono.com\/en\/contact\/","url":"http:\/\/questtono.com\/en\/contact\/","name":"Questton\u00f3 | Contact","isPartOf":{"@id":"http:\/\/questtono.com\/en\/#website"},"datePublished":"2017-09-13T15:36:41+00:00","dateModified":"2023-06-29T18:01:33+00:00","description":"Every great collaboration begins with a conversation. Contact us and get to know more about our innovation and design methodologies to boost your business.","breadcrumb":{"@id":"http:\/\/questtono.com\/en\/contact\/#breadcrumb"},"inLanguage":"en-US","potentialAction":[{"@type":"ReadAction","target":["http:\/\/questtono.com\/en\/contact\/"]}]},{"@type":"BreadcrumbList","@id":"http:\/\/questtono.com\/en\/contact\/#breadcrumb","itemListElement":[{"@type":"ListItem","position":1,"name":"Home","item":"http:\/\/www.questtono.com.br\/en\/"},{"@type":"ListItem","position":2,"name":"Contact"}]},{"@type":"WebSite","@id":"http:\/\/questtono.com\/en\/#website","url":"http:\/\/questtono.com\/en\/","name":"Questton\u00f3","description":"Consultoria de inova\u00e7\u00e3o e design","potentialAction":[{"@type":"SearchAction","target":{"@type":"EntryPoint","urlTemplate":"http:\/\/questtono.com\/en\/?s={search_term_string}"},"query-input":{"@type":"PropertyValueSpecification","valueRequired":true,"valueName":"search_term_string"}}],"inLanguage":"en-US"}]}},"_links":{"self":[{"href":"http:\/\/questtono.com\/en\/wp-json\/wp\/v2\/pages\/3741","targetHints":{"allow":["GET"]}}],"collection":[{"href":"http:\/\/questtono.com\/en\/wp-json\/wp\/v2\/pages"}],"about":[{"href":"http:\/\/questtono.com\/en\/wp-json\/wp\/v2\/types\/page"}],"author":[{"embeddable":true,"href":"http:\/\/questtono.com\/en\/wp-json\/wp\/v2\/users\/4"}],"replies":[{"embeddable":true,"href":"http:\/\/questtono.com\/en\/wp-json\/wp\/v2\/comments?post=3741"}],"version-history":[{"count":8,"href":"http:\/\/questtono.com\/en\/wp-json\/wp\/v2\/pages\/3741\/revisions"}],"predecessor-version":[{"id":9610,"href":"http:\/\/questtono.com\/en\/wp-json\/wp\/v2\/pages\/3741\/revisions\/9610"}],"wp:attachment":[{"href":"http:\/\/questtono.com\/en\/wp-json\/wp\/v2\/media?parent=3741"}],"curies":[{"name":"wp","href":"https:\/\/api.w.org\/{rel}","templated":true}]}}